{"id":2053,"date":"2024-05-14T20:37:36","date_gmt":"2024-05-14T18:37:36","guid":{"rendered":"https:\/\/audreydeprez.be\/?page_id=2053"},"modified":"2024-09-06T11:12:25","modified_gmt":"2024-09-06T09:12:25","slug":"portfolio","status":"publish","type":"page","link":"https:\/\/audreydeprez.be\/en\/portfolio\/","title":{"rendered":"Portfolio"},"content":{"rendered":"<div data-elementor-type=\"wp-page\" data-elementor-id=\"2053\" class=\"elementor elementor-2053\" data-elementor-post-type=\"page\">\n\t\t\t\t\t\t<section class=\"elementor-section elementor-top-section elementor-element elementor-element-39fca0c elementor-section-content-top elementor-section-boxed elementor-section-height-default elementor-section-height-default\" data-id=\"39fca0c\" data-element_type=\"section\" data-e-type=\"section\" data-settings=\"{&quot;background_background&quot;:&quot;gradient&quot;}\">\n\t\t\t\t\t\t\t<div class=\"elementor-background-overlay\"><\/div>\n\t\t\t\t\t\t\t<div class=\"elementor-container elementor-column-gap-default\">\n\t\t\t\t\t<div class=\"elementor-column elementor-col-100 elementor-top-column elementor-element elementor-element-6df6ff1\" data-id=\"6df6ff1\" data-element_type=\"column\" data-e-type=\"column\">\n\t\t\t<div class=\"elementor-widget-wrap elementor-element-populated\">\n\t\t\t\t\t\t<div class=\"elementor-element elementor-element-033408d elementor-widget elementor-widget-heading\" data-id=\"033408d\" data-element_type=\"widget\" data-e-type=\"widget\" data-widget_type=\"heading.default\">\n\t\t\t\t<div class=\"elementor-widget-container\">\n\t\t\t\t\t<h1 class=\"elementor-heading-title elementor-size-default\">Portfolio<\/h1>\t\t\t\t<\/div>\n\t\t\t\t<\/div>\n\t\t\t\t<div class=\"elementor-element elementor-element-2972010 elementor-widget elementor-widget-text-editor\" data-id=\"2972010\" data-element_type=\"widget\" data-e-type=\"widget\" data-widget_type=\"text-editor.default\">\n\t\t\t\t<div class=\"elementor-widget-container\">\n\t\t\t\t\t\t\t\t\tSome projects carried out in direct collaboration with customers.\n\t\t\t\t\t\t\t\t<\/div>\n\t\t\t\t<\/div>\n\t\t\t\t<div class=\"elementor-element elementor-element-9aa94f5 elementor-align-center elementor-widget elementor-widget-button\" data-id=\"9aa94f5\" data-element_type=\"widget\" data-e-type=\"widget\" data-widget_type=\"button.default\">\n\t\t\t\t<div class=\"elementor-widget-container\">\n\t\t\t\t\t\t\t\t\t<div class=\"elementor-button-wrapper\">\n\t\t\t\t\t<a class=\"elementor-button elementor-button-link elementor-size-sm\" href=\"https:\/\/issuu.com\/audreydeprez\/docs\/portfolio-uxdesign_audreydeprez\" target=\"_blank\">\n\t\t\t\t\t\t<span class=\"elementor-button-content-wrapper\">\n\t\t\t\t\t\t\t\t\t<span class=\"elementor-button-text\">View my UX Design Portfolio<\/span>\n\t\t\t\t\t<\/span>\n\t\t\t\t\t<\/a>\n\t\t\t\t<\/div>\n\t\t\t\t\t\t\t\t<\/div>\n\t\t\t\t<\/div>\n\t\t\t\t<div class=\"elementor-element elementor-element-771fb2e elementor-widget elementor-widget-image\" data-id=\"771fb2e\" data-element_type=\"widget\" data-e-type=\"widget\" data-widget_type=\"image.default\">\n\t\t\t\t<div class=\"elementor-widget-container\">\n\t\t\t\t\t\t\t\t\t\t\t\t\t\t\t<img decoding=\"async\" src=\"https:\/\/audreydeprez.be\/wp-content\/uploads\/elementor\/thumbs\/ice-cream-rlc7d99yvcs0opj8vvdu7mixw2z2y5tt2aihlqwjmg.webp\" title=\"Icone de glaces\" alt=\"Icone de glaces aux couleurs de mon agence web\" loading=\"lazy\" \/>\t\t\t\t\t\t\t\t\t\t\t\t\t\t\t<\/div>\n\t\t\t\t<\/div>\n\t\t\t\t<div class=\"elementor-element elementor-element-8587690 elementor-grid-2 elementor-grid-tablet-2 elementor-grid-mobile-1 elementor-widget elementor-widget-portfolio\" data-id=\"8587690\" data-element_type=\"widget\" data-e-type=\"widget\" data-settings=\"{&quot;columns&quot;:&quot;2&quot;,&quot;masonry&quot;:&quot;yes&quot;,&quot;row_gap&quot;:{&quot;unit&quot;:&quot;px&quot;,&quot;size&quot;:30,&quot;sizes&quot;:[]},&quot;columns_tablet&quot;:&quot;2&quot;,&quot;columns_mobile&quot;:&quot;1&quot;,&quot;item_gap&quot;:{&quot;unit&quot;:&quot;px&quot;,&quot;size&quot;:&quot;&quot;,&quot;sizes&quot;:[]}}\" data-widget_type=\"portfolio.default\">\n\t\t\t\t<div class=\"elementor-widget-container\">\n\t\t\t\t\t\t\t<ul class=\"elementor-portfolio__filters\">\n\t\t\t<li class=\"elementor-portfolio__filter elementor-active\" tabindex=\"0\" data-filter=\"__all\">All<\/li>\n\t\t\t\t\t\t\t<li class=\"elementor-portfolio__filter\" tabindex=\"0\" data-filter=\"18\">Search engine optimisation<\/li>\n\t\t\t\t\t\t\t<li class=\"elementor-portfolio__filter\" tabindex=\"0\" data-filter=\"16\">UI Design<\/li>\n\t\t\t\t\t\t\t<li class=\"elementor-portfolio__filter\" tabindex=\"0\" data-filter=\"15\">UX Design<\/li>\n\t\t\t\t\t\t\t<li class=\"elementor-portfolio__filter\" tabindex=\"0\" data-filter=\"17\">Web design<\/li>\n\t\t\t\t\t<\/ul>\n\t\t\t\t<div class=\"elementor-portfolio elementor-grid elementor-posts-container\">\n\t\t\t\t<article class=\"elementor-portfolio-item elementor-post elementor-filter-18 elementor-filter-16 elementor-filter-17 post-2318 post type-post status-publish format-standard has-post-thumbnail hentry category-referencement-seo category-ui-design category-web-design\">\n\t\t\t<a class=\"elementor-post__thumbnail__link\" href=\"https:\/\/audreydeprez.be\/en\/lamaris-consult\/\">\n\t\t\t\t<div class=\"elementor-portfolio-item__img elementor-post__thumbnail\">\n\t\t\t<img fetchpriority=\"high\" decoding=\"async\" width=\"1229\" height=\"1536\" src=\"https:\/\/audreydeprez.be\/wp-content\/uploads\/2024\/08\/Lamaris-Consult-1-1-1229x1536.webp\" class=\"attachment-1536x1536 size-1536x1536 wp-image-3265\" alt=\"Site web de Lamaris Consult, entreprise de comptabilit\u00e9 et aide aux entreprises\" srcset=\"https:\/\/audreydeprez.be\/wp-content\/uploads\/2024\/08\/Lamaris-Consult-1-1-1229x1536.webp 1229w, https:\/\/audreydeprez.be\/wp-content\/uploads\/2024\/08\/Lamaris-Consult-1-1-240x300.webp 240w, https:\/\/audreydeprez.be\/wp-content\/uploads\/2024\/08\/Lamaris-Consult-1-1-819x1024.webp 819w, https:\/\/audreydeprez.be\/wp-content\/uploads\/2024\/08\/Lamaris-Consult-1-1-768x960.webp 768w, https:\/\/audreydeprez.be\/wp-content\/uploads\/2024\/08\/Lamaris-Consult-1-1-10x12.webp 10w, https:\/\/audreydeprez.be\/wp-content\/uploads\/2024\/08\/Lamaris-Consult-1-1.webp 1536w\" sizes=\"(max-width: 1229px) 100vw, 1229px\" \/>\t\t<\/div>\n\t\t\t\t<div class=\"elementor-portfolio-item__overlay\">\n\t\t\t\t<h2 class=\"elementor-portfolio-item__title\">\n\t\tLamaris Consult\t\t<\/h2>\n\t\t\t\t<\/div>\n\t\t\t\t<\/a>\n\t\t<\/article>\n\t\t\t\t<article class=\"elementor-portfolio-item elementor-post elementor-filter-15 post-1889 post type-post status-publish format-standard has-post-thumbnail hentry category-ux-design\">\n\t\t\t<a class=\"elementor-post__thumbnail__link\" href=\"https:\/\/audreydeprez.be\/en\/mission-robe-de-mariage-verification-ux\/\">\n\t\t\t\t<div class=\"elementor-portfolio-item__img elementor-post__thumbnail\">\n\t\t\t<img decoding=\"async\" width=\"1536\" height=\"1152\" src=\"https:\/\/audreydeprez.be\/wp-content\/uploads\/2024\/05\/grace-b-mariee_website-mobile-version-1-1536x1152.webp\" class=\"attachment-1536x1536 size-1536x1536 wp-image-2987\" alt=\"La version mobile du site web de Grace B Mari\u00e9e\" srcset=\"https:\/\/audreydeprez.be\/wp-content\/uploads\/2024\/05\/grace-b-mariee_website-mobile-version-1-1536x1152.webp 1536w, https:\/\/audreydeprez.be\/wp-content\/uploads\/2024\/05\/grace-b-mariee_website-mobile-version-1-300x225.webp 300w, https:\/\/audreydeprez.be\/wp-content\/uploads\/2024\/05\/grace-b-mariee_website-mobile-version-1-1024x768.webp 1024w, https:\/\/audreydeprez.be\/wp-content\/uploads\/2024\/05\/grace-b-mariee_website-mobile-version-1-768x576.webp 768w, https:\/\/audreydeprez.be\/wp-content\/uploads\/2024\/05\/grace-b-mariee_website-mobile-version-1-16x12.webp 16w, https:\/\/audreydeprez.be\/wp-content\/uploads\/2024\/05\/grace-b-mariee_website-mobile-version-1.webp 1920w\" sizes=\"(max-width: 1536px) 100vw, 1536px\" \/>\t\t<\/div>\n\t\t\t\t<div class=\"elementor-portfolio-item__overlay\">\n\t\t\t\t<h2 class=\"elementor-portfolio-item__title\">\n\t\tGr\u00e2ce B. Mari\u00e9e\t\t<\/h2>\n\t\t\t\t<\/div>\n\t\t\t\t<\/a>\n\t\t<\/article>\n\t\t\t\t<article class=\"elementor-portfolio-item elementor-post elementor-filter-18 elementor-filter-16 elementor-filter-17 post-2777 post type-post status-publish format-standard has-post-thumbnail hentry category-referencement-seo category-ui-design category-web-design\">\n\t\t\t<a class=\"elementor-post__thumbnail__link\" href=\"https:\/\/audreydeprez.be\/en\/my-safe-place\/\">\n\t\t\t\t<div class=\"elementor-portfolio-item__img elementor-post__thumbnail\">\n\t\t\t<img decoding=\"async\" width=\"1536\" height=\"1092\" src=\"https:\/\/audreydeprez.be\/wp-content\/uploads\/2024\/05\/My-Safe-Place-1536x1092.webp\" class=\"attachment-1536x1536 size-1536x1536 wp-image-2826\" alt=\"\u00c9cran du site web de My Safe Place, nouvelle boulangerie \u00e0 Louvain-la-Neuve\" srcset=\"https:\/\/audreydeprez.be\/wp-content\/uploads\/2024\/05\/My-Safe-Place-1536x1092.webp 1536w, https:\/\/audreydeprez.be\/wp-content\/uploads\/2024\/05\/My-Safe-Place-300x213.webp 300w, https:\/\/audreydeprez.be\/wp-content\/uploads\/2024\/05\/My-Safe-Place-1024x728.webp 1024w, https:\/\/audreydeprez.be\/wp-content\/uploads\/2024\/05\/My-Safe-Place-768x546.webp 768w, https:\/\/audreydeprez.be\/wp-content\/uploads\/2024\/05\/My-Safe-Place-18x12.webp 18w, https:\/\/audreydeprez.be\/wp-content\/uploads\/2024\/05\/My-Safe-Place.webp 1920w\" sizes=\"(max-width: 1536px) 100vw, 1536px\" \/>\t\t<\/div>\n\t\t\t\t<div class=\"elementor-portfolio-item__overlay\">\n\t\t\t\t<h2 class=\"elementor-portfolio-item__title\">\n\t\tMy Safe Place\t\t<\/h2>\n\t\t\t\t<\/div>\n\t\t\t\t<\/a>\n\t\t<\/article>\n\t\t\t\t<article class=\"elementor-portfolio-item elementor-post elementor-filter-16 elementor-filter-15 post-1464 post type-post status-publish format-standard has-post-thumbnail hentry category-ui-design category-ux-design\">\n\t\t\t<a class=\"elementor-post__thumbnail__link\" href=\"https:\/\/audreydeprez.be\/en\/cas-detude-reservation-hotel\/\">\n\t\t\t\t<div class=\"elementor-portfolio-item__img elementor-post__thumbnail\">\n\t\t\t<img loading=\"lazy\" decoding=\"async\" width=\"1536\" height=\"1152\" src=\"https:\/\/audreydeprez.be\/wp-content\/uploads\/2024\/05\/UX-design-project_prototype-1536x1152.webp\" class=\"attachment-1536x1536 size-1536x1536 wp-image-2991\" alt=\"Prototype d&#039;un site web de r\u00e9servation d&#039;un h\u00f4tel - Projet intensif de l&#039;UX Design Institute\" srcset=\"https:\/\/audreydeprez.be\/wp-content\/uploads\/2024\/05\/UX-design-project_prototype-1536x1152.webp 1536w, https:\/\/audreydeprez.be\/wp-content\/uploads\/2024\/05\/UX-design-project_prototype-300x225.webp 300w, https:\/\/audreydeprez.be\/wp-content\/uploads\/2024\/05\/UX-design-project_prototype-1024x768.webp 1024w, https:\/\/audreydeprez.be\/wp-content\/uploads\/2024\/05\/UX-design-project_prototype-768x576.webp 768w, https:\/\/audreydeprez.be\/wp-content\/uploads\/2024\/05\/UX-design-project_prototype-16x12.webp 16w, https:\/\/audreydeprez.be\/wp-content\/uploads\/2024\/05\/UX-design-project_prototype.webp 1920w\" sizes=\"(max-width: 1536px) 100vw, 1536px\" \/>\t\t<\/div>\n\t\t\t\t<div class=\"elementor-portfolio-item__overlay\">\n\t\t\t\t<h2 class=\"elementor-portfolio-item__title\">\n\t\tUX Design Institute\t\t<\/h2>\n\t\t\t\t<\/div>\n\t\t\t\t<\/a>\n\t\t<\/article>\n\t\t\t\t<article class=\"elementor-portfolio-item elementor-post elementor-filter-18 elementor-filter-16 elementor-filter-17 post-2680 post type-post status-publish format-standard has-post-thumbnail hentry category-referencement-seo category-ui-design category-web-design\">\n\t\t\t<a class=\"elementor-post__thumbnail__link\" href=\"https:\/\/audreydeprez.be\/en\/bruxelles-est-volley-club\/\">\n\t\t\t\t<div class=\"elementor-portfolio-item__img elementor-post__thumbnail\">\n\t\t\t<img loading=\"lazy\" decoding=\"async\" width=\"1023\" height=\"1536\" src=\"https:\/\/audreydeprez.be\/wp-content\/uploads\/2024\/05\/bevc-e1716310620533-1023x1536.webp\" class=\"attachment-1536x1536 size-1536x1536 wp-image-2903\" alt=\"Tablette avec le site web de BEVC, club de volleyball bruxellois\" srcset=\"https:\/\/audreydeprez.be\/wp-content\/uploads\/2024\/05\/bevc-e1716310620533-1023x1536.webp 1023w, https:\/\/audreydeprez.be\/wp-content\/uploads\/2024\/05\/elementor\/thumbs\/bevc-e1716310620533-qohvy5gou88rgsq6gkeqqu8swuj6ftl4hb0b6wf3u0.jpg 600w\" sizes=\"(max-width: 1023px) 100vw, 1023px\" \/>\t\t<\/div>\n\t\t\t\t<div class=\"elementor-portfolio-item__overlay\">\n\t\t\t\t<h2 class=\"elementor-portfolio-item__title\">\n\t\tBruxelles Est Volley Club\t\t<\/h2>\n\t\t\t\t<\/div>\n\t\t\t\t<\/a>\n\t\t<\/article>\n\t\t\t\t<article class=\"elementor-portfolio-item elementor-post elementor-filter-17 post-2866 post type-post status-publish format-standard has-post-thumbnail hentry category-web-design\">\n\t\t\t<a class=\"elementor-post__thumbnail__link\" href=\"https:\/\/audreydeprez.be\/en\/strakbv-be\/\">\n\t\t\t\t<div class=\"elementor-portfolio-item__img elementor-post__thumbnail\">\n\t\t\t<img loading=\"lazy\" decoding=\"async\" width=\"1536\" height=\"1092\" src=\"https:\/\/audreydeprez.be\/wp-content\/uploads\/2024\/05\/Strakbe.be_-1536x1092.webp\" class=\"attachment-1536x1536 size-1536x1536 wp-image-2867\" alt=\"Site web de strakbv.be\" srcset=\"https:\/\/audreydeprez.be\/wp-content\/uploads\/2024\/05\/Strakbe.be_-1536x1092.webp 1536w, https:\/\/audreydeprez.be\/wp-content\/uploads\/2024\/05\/Strakbe.be_-300x213.webp 300w, https:\/\/audreydeprez.be\/wp-content\/uploads\/2024\/05\/Strakbe.be_-1024x728.webp 1024w, https:\/\/audreydeprez.be\/wp-content\/uploads\/2024\/05\/Strakbe.be_-768x546.webp 768w, https:\/\/audreydeprez.be\/wp-content\/uploads\/2024\/05\/Strakbe.be_-18x12.webp 18w, https:\/\/audreydeprez.be\/wp-content\/uploads\/2024\/05\/Strakbe.be_.webp 1920w\" sizes=\"(max-width: 1536px) 100vw, 1536px\" \/>\t\t<\/div>\n\t\t\t\t<div class=\"elementor-portfolio-item__overlay\">\n\t\t\t\t<h2 class=\"elementor-portfolio-item__title\">\n\t\tstrakbv.be\t\t<\/h2>\n\t\t\t\t<\/div>\n\t\t\t\t<\/a>\n\t\t<\/article>\n\t\t\t\t<article class=\"elementor-portfolio-item elementor-post elementor-filter-18 elementor-filter-16 elementor-filter-17 post-2802 post type-post status-publish format-standard has-post-thumbnail hentry category-referencement-seo category-ui-design category-web-design\">\n\t\t\t<a class=\"elementor-post__thumbnail__link\" href=\"https:\/\/audreydeprez.be\/en\/human-x\/\">\n\t\t\t\t<div class=\"elementor-portfolio-item__img elementor-post__thumbnail\">\n\t\t\t<img loading=\"lazy\" decoding=\"async\" width=\"1536\" height=\"1024\" src=\"https:\/\/audreydeprez.be\/wp-content\/uploads\/2024\/05\/humanx_website-1536x1024.webp\" class=\"attachment-1536x1536 size-1536x1536 wp-image-2816\" alt=\"La version du site web de HumanX sur ordinateur et sur mobile\" srcset=\"https:\/\/audreydeprez.be\/wp-content\/uploads\/2024\/05\/humanx_website-1536x1024.webp 1536w, https:\/\/audreydeprez.be\/wp-content\/uploads\/2024\/05\/humanx_website-300x200.webp 300w, https:\/\/audreydeprez.be\/wp-content\/uploads\/2024\/05\/humanx_website-1024x683.webp 1024w, https:\/\/audreydeprez.be\/wp-content\/uploads\/2024\/05\/humanx_website-768x512.webp 768w, https:\/\/audreydeprez.be\/wp-content\/uploads\/2024\/05\/humanx_website-18x12.webp 18w, https:\/\/audreydeprez.be\/wp-content\/uploads\/2024\/05\/humanx_website.webp 1920w\" sizes=\"(max-width: 1536px) 100vw, 1536px\" \/>\t\t<\/div>\n\t\t\t\t<div class=\"elementor-portfolio-item__overlay\">\n\t\t\t\t<h2 class=\"elementor-portfolio-item__title\">\n\t\tHumanX\t\t<\/h2>\n\t\t\t\t<\/div>\n\t\t\t\t<\/a>\n\t\t<\/article>\n\t\t\t\t<article class=\"elementor-portfolio-item elementor-post elementor-filter-18 elementor-filter-17 post-2879 post type-post status-publish format-standard has-post-thumbnail hentry category-referencement-seo category-web-design\">\n\t\t\t<a class=\"elementor-post__thumbnail__link\" href=\"https:\/\/audreydeprez.be\/en\/jaime-jadore\/\">\n\t\t\t\t<div class=\"elementor-portfolio-item__img elementor-post__thumbnail\">\n\t\t\t<img loading=\"lazy\" decoding=\"async\" width=\"1536\" height=\"1152\" src=\"https:\/\/audreydeprez.be\/wp-content\/uploads\/2024\/05\/jaime-et-jadore-1536x1152.webp\" class=\"attachment-1536x1536 size-1536x1536 wp-image-2880\" alt=\"J&#039;aime et J&#039;adore - site web d&#039;un institut de beaut\u00e9 \u00e0 Vilvoorde\" srcset=\"https:\/\/audreydeprez.be\/wp-content\/uploads\/2024\/05\/jaime-et-jadore-1536x1152.webp 1536w, https:\/\/audreydeprez.be\/wp-content\/uploads\/2024\/05\/jaime-et-jadore-300x225.webp 300w, https:\/\/audreydeprez.be\/wp-content\/uploads\/2024\/05\/jaime-et-jadore-1024x768.webp 1024w, https:\/\/audreydeprez.be\/wp-content\/uploads\/2024\/05\/jaime-et-jadore-768x576.webp 768w, https:\/\/audreydeprez.be\/wp-content\/uploads\/2024\/05\/jaime-et-jadore-16x12.webp 16w, https:\/\/audreydeprez.be\/wp-content\/uploads\/2024\/05\/jaime-et-jadore.webp 1920w\" sizes=\"(max-width: 1536px) 100vw, 1536px\" \/>\t\t<\/div>\n\t\t\t\t<div class=\"elementor-portfolio-item__overlay\">\n\t\t\t\t<h2 class=\"elementor-portfolio-item__title\">\n\t\tJ&rsquo;aime &amp; J&rsquo;adore\t\t<\/h2>\n\t\t\t\t<\/div>\n\t\t\t\t<\/a>\n\t\t<\/article>\n\t\t\t\t<\/div>\n\t\t\t\t\t\t<\/div>\n\t\t\t\t<\/div>\n\t\t\t\t\t<\/div>\n\t\t<\/div>\n\t\t\t\t\t<\/div>\n\t\t<\/section>\n\t\t\t\t<section class=\"elementor-section elementor-top-section elementor-element elementor-element-240ff0c elementor-section-boxed elementor-section-height-default elementor-section-height-default\" data-id=\"240ff0c\" data-element_type=\"section\" data-e-type=\"section\" data-settings=\"{&quot;background_background&quot;:&quot;classic&quot;}\">\n\t\t\t\t\t\t<div class=\"elementor-container elementor-column-gap-default\">\n\t\t\t\t\t<div class=\"elementor-column elementor-col-50 elementor-top-column elementor-element elementor-element-e21c06f\" data-id=\"e21c06f\" data-element_type=\"column\" data-e-type=\"column\">\n\t\t\t<div class=\"elementor-widget-wrap elementor-element-populated\">\n\t\t\t\t\t\t<div class=\"elementor-element elementor-element-b1e2eae elementor-widget elementor-widget-heading\" data-id=\"b1e2eae\" data-element_type=\"widget\" data-e-type=\"widget\" data-widget_type=\"heading.default\">\n\t\t\t\t<div class=\"elementor-widget-container\">\n\t\t\t\t\t<h4 class=\"elementor-heading-title elementor-size-default\">Curious about my profile?<\/h4>\t\t\t\t<\/div>\n\t\t\t\t<\/div>\n\t\t\t\t\t<\/div>\n\t\t<\/div>\n\t\t\t\t<div class=\"elementor-column elementor-col-50 elementor-top-column elementor-element elementor-element-40f06e2\" data-id=\"40f06e2\" data-element_type=\"column\" data-e-type=\"column\">\n\t\t\t<div class=\"elementor-widget-wrap elementor-element-populated\">\n\t\t\t\t\t\t<div class=\"elementor-element elementor-element-2fe031b elementor-widget elementor-widget-button\" data-id=\"2fe031b\" data-element_type=\"widget\" data-e-type=\"widget\" data-widget_type=\"button.default\">\n\t\t\t\t<div class=\"elementor-widget-container\">\n\t\t\t\t\t\t\t\t\t<div class=\"elementor-button-wrapper\">\n\t\t\t\t\t<a class=\"elementor-button elementor-button-link elementor-size-sm\" href=\"https:\/\/audreydeprez.be\/en\/a-propos\/\">\n\t\t\t\t\t\t<span class=\"elementor-button-content-wrapper\">\n\t\t\t\t\t\t\t\t\t<span class=\"elementor-button-text\">Nice to meet you, I am Audrey<\/span>\n\t\t\t\t\t<\/span>\n\t\t\t\t\t<\/a>\n\t\t\t\t<\/div>\n\t\t\t\t\t\t\t\t<\/div>\n\t\t\t\t<\/div>\n\t\t\t\t\t<\/div>\n\t\t<\/div>\n\t\t\t\t\t<\/div>\n\t\t<\/section>\n\t\t\t\t<\/div>","protected":false},"excerpt":{"rendered":"<p>Portfolio Quelques projets r\u00e9alis\u00e9s en collaboration directe avec des clients. D\u00e9couvre mon Portfolio en UX Design Tu veux en savoir plus sur moi ? Enchant\u00e9, moi c&rsquo;est Audrey<\/p>","protected":false},"author":1,"featured_media":0,"parent":0,"menu_order":0,"comment_status":"closed","ping_status":"closed","template":"elementor_header_footer","meta":{"_monsterinsights_skip_tracking":false,"_monsterinsights_sitenote_active":false,"_monsterinsights_sitenote_note":"","_monsterinsights_sitenote_category":0,"footnotes":""},"class_list":["post-2053","page","type-page","status-publish","hentry"],"aioseo_notices":[],"_links":{"self":[{"href":"https:\/\/audreydeprez.be\/en\/wp-json\/wp\/v2\/pages\/2053","targetHints":{"allow":["GET"]}}],"collection":[{"href":"https:\/\/audreydeprez.be\/en\/wp-json\/wp\/v2\/pages"}],"about":[{"href":"https:\/\/audreydeprez.be\/en\/wp-json\/wp\/v2\/types\/page"}],"author":[{"embeddable":true,"href":"https:\/\/audreydeprez.be\/en\/wp-json\/wp\/v2\/users\/1"}],"replies":[{"embeddable":true,"href":"https:\/\/audreydeprez.be\/en\/wp-json\/wp\/v2\/comments?post=2053"}],"version-history":[{"count":91,"href":"https:\/\/audreydeprez.be\/en\/wp-json\/wp\/v2\/pages\/2053\/revisions"}],"predecessor-version":[{"id":3366,"href":"https:\/\/audreydeprez.be\/en\/wp-json\/wp\/v2\/pages\/2053\/revisions\/3366"}],"wp:attachment":[{"href":"https:\/\/audreydeprez.be\/en\/wp-json\/wp\/v2\/media?parent=2053"}],"curies":[{"name":"wp","href":"https:\/\/api.w.org\/{rel}","templated":true}]}}