{"id":1935,"date":"2024-05-14T09:11:08","date_gmt":"2024-05-14T07:11:08","guid":{"rendered":"https:\/\/audreydeprez.be\/?page_id=1935"},"modified":"2026-04-01T00:55:39","modified_gmt":"2026-03-31T22:55:39","slug":"accueil","status":"publish","type":"page","link":"https:\/\/audreydeprez.be\/en\/","title":{"rendered":"Home"},"content":{"rendered":"<div data-elementor-type=\"wp-page\" data-elementor-id=\"1935\" class=\"elementor elementor-1935\" data-elementor-post-type=\"page\">\n\t\t\t\t\t\t<section class=\"elementor-section elementor-top-section elementor-element elementor-element-e452b0a elementor-section-height-min-height elementor-section-boxed elementor-section-height-default elementor-section-items-middle\" data-id=\"e452b0a\" data-element_type=\"section\" data-e-type=\"section\" data-settings=\"{&quot;background_background&quot;:&quot;gradient&quot;}\">\n\t\t\t\t\t\t<div class=\"elementor-container elementor-column-gap-default\">\n\t\t\t\t\t<div class=\"elementor-column elementor-col-100 elementor-top-column elementor-element elementor-element-e62579a\" data-id=\"e62579a\" data-element_type=\"column\" data-e-type=\"column\">\n\t\t\t<div class=\"elementor-widget-wrap elementor-element-populated\">\n\t\t\t\t\t\t<div class=\"elementor-element elementor-element-0957079 elementor-widget elementor-widget-heading\" data-id=\"0957079\" data-element_type=\"widget\" data-e-type=\"widget\" data-widget_type=\"heading.default\">\n\t\t\t\t<div class=\"elementor-widget-container\">\n\t\t\t\t\t<h1 class=\"elementor-heading-title elementor-size-default\">Ode to UX Design Web Agency <\/h1>\t\t\t\t<\/div>\n\t\t\t\t<\/div>\n\t\t\t\t<div class=\"elementor-element elementor-element-f96b95e elementor-widget elementor-widget-heading\" data-id=\"f96b95e\" data-element_type=\"widget\" data-e-type=\"widget\" data-widget_type=\"heading.default\">\n\t\t\t\t<div class=\"elementor-widget-container\">\n\t\t\t\t\t<h2 class=\"elementor-heading-title elementor-size-default\">A human specializing in AI, web design, UX design and SEO <\/h2>\t\t\t\t<\/div>\n\t\t\t\t<\/div>\n\t\t\t\t<div class=\"elementor-element elementor-element-aede77b elementor-align-center elementor-widget elementor-widget-button\" data-id=\"aede77b\" data-element_type=\"widget\" data-e-type=\"widget\" data-widget_type=\"button.default\">\n\t\t\t\t<div class=\"elementor-widget-container\">\n\t\t\t\t\t\t\t\t\t<div class=\"elementor-button-wrapper\">\n\t\t\t\t\t<a class=\"elementor-button elementor-button-link elementor-size-sm\" href=\"\/contact\">\n\t\t\t\t\t\t<span class=\"elementor-button-content-wrapper\">\n\t\t\t\t\t\t\t\t\t<span class=\"elementor-button-text\">Get in touch<\/span>\n\t\t\t\t\t<\/span>\n\t\t\t\t\t<\/a>\n\t\t\t\t<\/div>\n\t\t\t\t\t\t\t\t<\/div>\n\t\t\t\t<\/div>\n\t\t\t\t\t<\/div>\n\t\t<\/div>\n\t\t\t\t\t<\/div>\n\t\t<\/section>\n\t\t\t\t<section class=\"elementor-section elementor-top-section elementor-element elementor-element-977b83e elementor-section-height-min-height elementor-section-boxed elementor-section-height-default elementor-section-items-middle\" data-id=\"977b83e\" data-element_type=\"section\" data-e-type=\"section\" data-settings=\"{&quot;background_background&quot;:&quot;gradient&quot;}\">\n\t\t\t\t\t\t<div class=\"elementor-container elementor-column-gap-default\">\n\t\t\t\t\t<div class=\"elementor-column elementor-col-100 elementor-top-column elementor-element elementor-element-b74d6cd\" data-id=\"b74d6cd\" data-element_type=\"column\" data-e-type=\"column\">\n\t\t\t<div class=\"elementor-widget-wrap elementor-element-populated\">\n\t\t\t\t\t\t<div class=\"elementor-element elementor-element-512c6e0 elementor-widget elementor-widget-heading\" data-id=\"512c6e0\" data-element_type=\"widget\" data-e-type=\"widget\" data-widget_type=\"heading.default\">\n\t\t\t\t<div class=\"elementor-widget-container\">\n\t\t\t\t\t<h2 class=\"elementor-heading-title elementor-size-default\">Through effective designs, I transform your ideas and passion into a unique voice that stands out and reflects you.<\/h2>\t\t\t\t<\/div>\n\t\t\t\t<\/div>\n\t\t\t\t<div class=\"elementor-element elementor-element-06837b6 elementor-mobile-align-left elementor-widget elementor-widget-button\" data-id=\"06837b6\" data-element_type=\"widget\" data-e-type=\"widget\" data-widget_type=\"button.default\">\n\t\t\t\t<div class=\"elementor-widget-container\">\n\t\t\t\t\t\t\t\t\t<div class=\"elementor-button-wrapper\">\n\t\t\t\t\t<a class=\"elementor-button elementor-button-link elementor-size-sm\" href=\"https:\/\/audreydeprez.be\/en\/contact\/\">\n\t\t\t\t\t\t<span class=\"elementor-button-content-wrapper\">\n\t\t\t\t\t\t\t\t\t<span class=\"elementor-button-text\">Let's discover your company.<\/span>\n\t\t\t\t\t<\/span>\n\t\t\t\t\t<\/a>\n\t\t\t\t<\/div>\n\t\t\t\t\t\t\t\t<\/div>\n\t\t\t\t<\/div>\n\t\t\t\t\t<\/div>\n\t\t<\/div>\n\t\t\t\t\t<\/div>\n\t\t<\/section>\n\t\t\t\t<section class=\"elementor-section elementor-top-section elementor-element elementor-element-7fc7533 elementor-section-full_width elementor-section-height-default elementor-section-height-default\" data-id=\"7fc7533\" data-element_type=\"section\" data-e-type=\"section\">\n\t\t\t\t\t\t<div class=\"elementor-container elementor-column-gap-no\">\n\t\t\t\t\t<div class=\"elementor-column elementor-col-100 elementor-top-column elementor-element elementor-element-9c7457c\" data-id=\"9c7457c\" data-element_type=\"column\" data-e-type=\"column\">\n\t\t\t<div class=\"elementor-widget-wrap elementor-element-populated\">\n\t\t\t\t\t\t<div class=\"elementor-element elementor-element-4407795 elementor-grid-4 elementor-grid-tablet-2 elementor-grid-mobile-1 elementor-widget elementor-widget-portfolio\" data-id=\"4407795\" data-element_type=\"widget\" data-e-type=\"widget\" data-settings=\"{&quot;row_gap&quot;:{&quot;unit&quot;:&quot;em&quot;,&quot;size&quot;:&quot;&quot;,&quot;sizes&quot;:[]},&quot;item_ratio&quot;:{&quot;unit&quot;:&quot;px&quot;,&quot;size&quot;:0.75,&quot;sizes&quot;:[]},&quot;columns&quot;:&quot;4&quot;,&quot;columns_tablet&quot;:&quot;2&quot;,&quot;columns_mobile&quot;:&quot;1&quot;,&quot;item_gap&quot;:{&quot;unit&quot;:&quot;px&quot;,&quot;size&quot;:&quot;&quot;,&quot;sizes&quot;:[]}}\" data-widget_type=\"portfolio.default\">\n\t\t\t\t<div class=\"elementor-widget-container\">\n\t\t\t\t\t\t\t<div class=\"elementor-portfolio elementor-grid elementor-posts-container\">\n\t\t\t\t<article class=\"elementor-portfolio-item elementor-post  post-2318 post type-post status-publish format-standard has-post-thumbnail hentry category-referencement-seo category-ui-design category-web-design\">\n\t\t\t<a class=\"elementor-post__thumbnail__link\" href=\"https:\/\/audreydeprez.be\/en\/lamaris-consult\/\">\n\t\t\t\t<div class=\"elementor-portfolio-item__img elementor-post__thumbnail\">\n\t\t\t<img fetchpriority=\"high\" decoding=\"async\" width=\"800\" height=\"1000\" src=\"https:\/\/audreydeprez.be\/wp-content\/uploads\/2024\/08\/Lamaris-Consult-1-1-819x1024.webp\" class=\"attachment-large size-large wp-image-3265\" alt=\"Site web de Lamaris Consult, entreprise de comptabilit\u00e9 et aide aux entreprises\" srcset=\"https:\/\/audreydeprez.be\/wp-content\/uploads\/2024\/08\/Lamaris-Consult-1-1-819x1024.webp 819w, https:\/\/audreydeprez.be\/wp-content\/uploads\/2024\/08\/Lamaris-Consult-1-1-240x300.webp 240w, https:\/\/audreydeprez.be\/wp-content\/uploads\/2024\/08\/Lamaris-Consult-1-1-768x960.webp 768w, https:\/\/audreydeprez.be\/wp-content\/uploads\/2024\/08\/Lamaris-Consult-1-1-1229x1536.webp 1229w, https:\/\/audreydeprez.be\/wp-content\/uploads\/2024\/08\/Lamaris-Consult-1-1-10x12.webp 10w, https:\/\/audreydeprez.be\/wp-content\/uploads\/2024\/08\/Lamaris-Consult-1-1.webp 1536w\" sizes=\"(max-width: 800px) 100vw, 800px\" \/>\t\t<\/div>\n\t\t\t\t<div class=\"elementor-portfolio-item__overlay\">\n\t\t\t\t<h4 class=\"elementor-portfolio-item__title\">\n\t\tLamaris Consult\t\t<\/h4>\n\t\t\t\t<\/div>\n\t\t\t\t<\/a>\n\t\t<\/article>\n\t\t\t\t<article class=\"elementor-portfolio-item elementor-post  post-1889 post type-post status-publish format-standard has-post-thumbnail hentry category-ux-design\">\n\t\t\t<a class=\"elementor-post__thumbnail__link\" href=\"https:\/\/audreydeprez.be\/en\/mission-robe-de-mariage-verification-ux\/\">\n\t\t\t\t<div class=\"elementor-portfolio-item__img elementor-post__thumbnail\">\n\t\t\t<img decoding=\"async\" width=\"800\" height=\"600\" src=\"https:\/\/audreydeprez.be\/wp-content\/uploads\/2024\/05\/grace-b-mariee_website-mobile-version-1-1024x768.webp\" class=\"attachment-large size-large wp-image-2987\" alt=\"La version mobile du site web de Grace B Mari\u00e9e\" srcset=\"https:\/\/audreydeprez.be\/wp-content\/uploads\/2024\/05\/grace-b-mariee_website-mobile-version-1-1024x768.webp 1024w, https:\/\/audreydeprez.be\/wp-content\/uploads\/2024\/05\/grace-b-mariee_website-mobile-version-1-300x225.webp 300w, https:\/\/audreydeprez.be\/wp-content\/uploads\/2024\/05\/grace-b-mariee_website-mobile-version-1-768x576.webp 768w, https:\/\/audreydeprez.be\/wp-content\/uploads\/2024\/05\/grace-b-mariee_website-mobile-version-1-1536x1152.webp 1536w, https:\/\/audreydeprez.be\/wp-content\/uploads\/2024\/05\/grace-b-mariee_website-mobile-version-1-16x12.webp 16w, https:\/\/audreydeprez.be\/wp-content\/uploads\/2024\/05\/grace-b-mariee_website-mobile-version-1.webp 1920w\" sizes=\"(max-width: 800px) 100vw, 800px\" \/>\t\t<\/div>\n\t\t\t\t<div class=\"elementor-portfolio-item__overlay\">\n\t\t\t\t<h4 class=\"elementor-portfolio-item__title\">\n\t\tGr\u00e2ce B. Mari\u00e9e\t\t<\/h4>\n\t\t\t\t<\/div>\n\t\t\t\t<\/a>\n\t\t<\/article>\n\t\t\t\t<article class=\"elementor-portfolio-item elementor-post  post-2777 post type-post status-publish format-standard has-post-thumbnail hentry category-referencement-seo category-ui-design category-web-design\">\n\t\t\t<a class=\"elementor-post__thumbnail__link\" href=\"https:\/\/audreydeprez.be\/en\/my-safe-place\/\">\n\t\t\t\t<div class=\"elementor-portfolio-item__img elementor-post__thumbnail\">\n\t\t\t<img decoding=\"async\" width=\"800\" height=\"569\" src=\"https:\/\/audreydeprez.be\/wp-content\/uploads\/2024\/05\/My-Safe-Place-1024x728.webp\" class=\"attachment-large size-large wp-image-2826\" alt=\"\u00c9cran du site web de My Safe Place, nouvelle boulangerie \u00e0 Louvain-la-Neuve\" srcset=\"https:\/\/audreydeprez.be\/wp-content\/uploads\/2024\/05\/My-Safe-Place-1024x728.webp 1024w, https:\/\/audreydeprez.be\/wp-content\/uploads\/2024\/05\/My-Safe-Place-300x213.webp 300w, https:\/\/audreydeprez.be\/wp-content\/uploads\/2024\/05\/My-Safe-Place-768x546.webp 768w, https:\/\/audreydeprez.be\/wp-content\/uploads\/2024\/05\/My-Safe-Place-1536x1092.webp 1536w, https:\/\/audreydeprez.be\/wp-content\/uploads\/2024\/05\/My-Safe-Place-18x12.webp 18w, https:\/\/audreydeprez.be\/wp-content\/uploads\/2024\/05\/My-Safe-Place.webp 1920w\" sizes=\"(max-width: 800px) 100vw, 800px\" \/>\t\t<\/div>\n\t\t\t\t<div class=\"elementor-portfolio-item__overlay\">\n\t\t\t\t<h4 class=\"elementor-portfolio-item__title\">\n\t\tMy Safe Place\t\t<\/h4>\n\t\t\t\t<\/div>\n\t\t\t\t<\/a>\n\t\t<\/article>\n\t\t\t\t<article class=\"elementor-portfolio-item elementor-post  post-1464 post type-post status-publish format-standard has-post-thumbnail hentry category-ui-design category-ux-design\">\n\t\t\t<a class=\"elementor-post__thumbnail__link\" href=\"https:\/\/audreydeprez.be\/en\/cas-detude-reservation-hotel\/\">\n\t\t\t\t<div class=\"elementor-portfolio-item__img elementor-post__thumbnail\">\n\t\t\t<img loading=\"lazy\" decoding=\"async\" width=\"800\" height=\"600\" src=\"https:\/\/audreydeprez.be\/wp-content\/uploads\/2024\/05\/UX-design-project_prototype-1024x768.webp\" class=\"attachment-large size-large wp-image-2991\" alt=\"Prototype d&#039;un site web de r\u00e9servation d&#039;un h\u00f4tel - Projet intensif de l&#039;UX Design Institute\" srcset=\"https:\/\/audreydeprez.be\/wp-content\/uploads\/2024\/05\/UX-design-project_prototype-1024x768.webp 1024w, https:\/\/audreydeprez.be\/wp-content\/uploads\/2024\/05\/UX-design-project_prototype-300x225.webp 300w, https:\/\/audreydeprez.be\/wp-content\/uploads\/2024\/05\/UX-design-project_prototype-768x576.webp 768w, https:\/\/audreydeprez.be\/wp-content\/uploads\/2024\/05\/UX-design-project_prototype-1536x1152.webp 1536w, https:\/\/audreydeprez.be\/wp-content\/uploads\/2024\/05\/UX-design-project_prototype-16x12.webp 16w, https:\/\/audreydeprez.be\/wp-content\/uploads\/2024\/05\/UX-design-project_prototype.webp 1920w\" sizes=\"(max-width: 800px) 100vw, 800px\" \/>\t\t<\/div>\n\t\t\t\t<div class=\"elementor-portfolio-item__overlay\">\n\t\t\t\t<h4 class=\"elementor-portfolio-item__title\">\n\t\tUX Design Institute\t\t<\/h4>\n\t\t\t\t<\/div>\n\t\t\t\t<\/a>\n\t\t<\/article>\n\t\t\t\t<article class=\"elementor-portfolio-item elementor-post  post-2680 post type-post status-publish format-standard has-post-thumbnail hentry category-referencement-seo category-ui-design category-web-design\">\n\t\t\t<a class=\"elementor-post__thumbnail__link\" href=\"https:\/\/audreydeprez.be\/en\/bruxelles-est-volley-club\/\">\n\t\t\t\t<div class=\"elementor-portfolio-item__img elementor-post__thumbnail\">\n\t\t\t<img loading=\"lazy\" decoding=\"async\" width=\"800\" height=\"960\" src=\"https:\/\/audreydeprez.be\/wp-content\/uploads\/2024\/05\/bevc-e1716395012645-853x1024.webp\" class=\"attachment-large size-large wp-image-2903\" alt=\"Tablette avec le site web de BEVC, club de volleyball bruxellois\" srcset=\"https:\/\/audreydeprez.be\/wp-content\/uploads\/2024\/05\/bevc-e1716395012645-853x1024.webp 853w, https:\/\/audreydeprez.be\/wp-content\/uploads\/2024\/05\/bevc-e1716395012645-250x300.webp 250w, https:\/\/audreydeprez.be\/wp-content\/uploads\/2024\/05\/bevc-e1716395012645-768x922.webp 768w, https:\/\/audreydeprez.be\/wp-content\/uploads\/2024\/05\/bevc-e1716395012645-10x12.webp 10w, https:\/\/audreydeprez.be\/wp-content\/uploads\/2024\/05\/bevc-e1716395012645.webp 1080w\" sizes=\"(max-width: 800px) 100vw, 800px\" \/>\t\t<\/div>\n\t\t\t\t<div class=\"elementor-portfolio-item__overlay\">\n\t\t\t\t<h4 class=\"elementor-portfolio-item__title\">\n\t\tBruxelles Est Volley Club\t\t<\/h4>\n\t\t\t\t<\/div>\n\t\t\t\t<\/a>\n\t\t<\/article>\n\t\t\t\t<article class=\"elementor-portfolio-item elementor-post  post-2866 post type-post status-publish format-standard has-post-thumbnail hentry category-web-design\">\n\t\t\t<a class=\"elementor-post__thumbnail__link\" href=\"https:\/\/audreydeprez.be\/en\/strakbv-be\/\">\n\t\t\t\t<div class=\"elementor-portfolio-item__img elementor-post__thumbnail\">\n\t\t\t<img loading=\"lazy\" decoding=\"async\" width=\"800\" height=\"569\" src=\"https:\/\/audreydeprez.be\/wp-content\/uploads\/2024\/05\/Strakbe.be_-1024x728.webp\" class=\"attachment-large size-large wp-image-2867\" alt=\"Site web de strakbv.be\" srcset=\"https:\/\/audreydeprez.be\/wp-content\/uploads\/2024\/05\/Strakbe.be_-1024x728.webp 1024w, https:\/\/audreydeprez.be\/wp-content\/uploads\/2024\/05\/Strakbe.be_-300x213.webp 300w, https:\/\/audreydeprez.be\/wp-content\/uploads\/2024\/05\/Strakbe.be_-768x546.webp 768w, https:\/\/audreydeprez.be\/wp-content\/uploads\/2024\/05\/Strakbe.be_-1536x1092.webp 1536w, https:\/\/audreydeprez.be\/wp-content\/uploads\/2024\/05\/Strakbe.be_-18x12.webp 18w, https:\/\/audreydeprez.be\/wp-content\/uploads\/2024\/05\/Strakbe.be_.webp 1920w\" sizes=\"(max-width: 800px) 100vw, 800px\" \/>\t\t<\/div>\n\t\t\t\t<div class=\"elementor-portfolio-item__overlay\">\n\t\t\t\t<h4 class=\"elementor-portfolio-item__title\">\n\t\tstrakbv.be\t\t<\/h4>\n\t\t\t\t<\/div>\n\t\t\t\t<\/a>\n\t\t<\/article>\n\t\t\t\t<article class=\"elementor-portfolio-item elementor-post  post-2802 post type-post status-publish format-standard has-post-thumbnail hentry category-referencement-seo category-ui-design category-web-design\">\n\t\t\t<a class=\"elementor-post__thumbnail__link\" href=\"https:\/\/audreydeprez.be\/en\/human-x\/\">\n\t\t\t\t<div class=\"elementor-portfolio-item__img elementor-post__thumbnail\">\n\t\t\t<img loading=\"lazy\" decoding=\"async\" width=\"800\" height=\"534\" src=\"https:\/\/audreydeprez.be\/wp-content\/uploads\/2024\/05\/humanx_website-1024x683.webp\" class=\"attachment-large size-large wp-image-2816\" alt=\"La version du site web de HumanX sur ordinateur et sur mobile\" srcset=\"https:\/\/audreydeprez.be\/wp-content\/uploads\/2024\/05\/humanx_website-1024x683.webp 1024w, https:\/\/audreydeprez.be\/wp-content\/uploads\/2024\/05\/humanx_website-300x200.webp 300w, https:\/\/audreydeprez.be\/wp-content\/uploads\/2024\/05\/humanx_website-768x512.webp 768w, https:\/\/audreydeprez.be\/wp-content\/uploads\/2024\/05\/humanx_website-1536x1024.webp 1536w, https:\/\/audreydeprez.be\/wp-content\/uploads\/2024\/05\/humanx_website-18x12.webp 18w, https:\/\/audreydeprez.be\/wp-content\/uploads\/2024\/05\/humanx_website.webp 1920w\" sizes=\"(max-width: 800px) 100vw, 800px\" \/>\t\t<\/div>\n\t\t\t\t<div class=\"elementor-portfolio-item__overlay\">\n\t\t\t\t<h4 class=\"elementor-portfolio-item__title\">\n\t\tHumanX\t\t<\/h4>\n\t\t\t\t<\/div>\n\t\t\t\t<\/a>\n\t\t<\/article>\n\t\t\t\t<article class=\"elementor-portfolio-item elementor-post  post-2879 post type-post status-publish format-standard has-post-thumbnail hentry category-referencement-seo category-web-design\">\n\t\t\t<a class=\"elementor-post__thumbnail__link\" href=\"https:\/\/audreydeprez.be\/en\/jaime-jadore\/\">\n\t\t\t\t<div class=\"elementor-portfolio-item__img elementor-post__thumbnail\">\n\t\t\t<img loading=\"lazy\" decoding=\"async\" width=\"800\" height=\"600\" src=\"https:\/\/audreydeprez.be\/wp-content\/uploads\/2024\/05\/jaime-et-jadore-1024x768.webp\" class=\"attachment-large size-large wp-image-2880\" alt=\"J&#039;aime et J&#039;adore - site web d&#039;un institut de beaut\u00e9 \u00e0 Vilvoorde\" srcset=\"https:\/\/audreydeprez.be\/wp-content\/uploads\/2024\/05\/jaime-et-jadore-1024x768.webp 1024w, https:\/\/audreydeprez.be\/wp-content\/uploads\/2024\/05\/jaime-et-jadore-300x225.webp 300w, https:\/\/audreydeprez.be\/wp-content\/uploads\/2024\/05\/jaime-et-jadore-768x576.webp 768w, https:\/\/audreydeprez.be\/wp-content\/uploads\/2024\/05\/jaime-et-jadore-1536x1152.webp 1536w, https:\/\/audreydeprez.be\/wp-content\/uploads\/2024\/05\/jaime-et-jadore-16x12.webp 16w, https:\/\/audreydeprez.be\/wp-content\/uploads\/2024\/05\/jaime-et-jadore.webp 1920w\" sizes=\"(max-width: 800px) 100vw, 800px\" \/>\t\t<\/div>\n\t\t\t\t<div class=\"elementor-portfolio-item__overlay\">\n\t\t\t\t<h4 class=\"elementor-portfolio-item__title\">\n\t\tJ&rsquo;aime &amp; J&rsquo;adore\t\t<\/h4>\n\t\t\t\t<\/div>\n\t\t\t\t<\/a>\n\t\t<\/article>\n\t\t\t\t<\/div>\n\t\t\t\t\t\t<\/div>\n\t\t\t\t<\/div>\n\t\t\t\t\t<\/div>\n\t\t<\/div>\n\t\t\t\t\t<\/div>\n\t\t<\/section>\n\t\t\t\t<section class=\"elementor-section elementor-top-section elementor-element elementor-element-4b22e1c elementor-section-boxed elementor-section-height-default elementor-section-height-default\" data-id=\"4b22e1c\" data-element_type=\"section\" data-e-type=\"section\" data-settings=\"{&quot;background_background&quot;:&quot;classic&quot;}\">\n\t\t\t\t\t\t<div class=\"elementor-container elementor-column-gap-default\">\n\t\t\t\t\t<div class=\"elementor-column elementor-col-50 elementor-top-column elementor-element elementor-element-580aa26\" data-id=\"580aa26\" data-element_type=\"column\" data-e-type=\"column\">\n\t\t\t<div class=\"elementor-widget-wrap elementor-element-populated\">\n\t\t\t\t\t\t<div class=\"elementor-element elementor-element-02c7642 elementor-widget elementor-widget-heading\" data-id=\"02c7642\" data-element_type=\"widget\" data-e-type=\"widget\" data-widget_type=\"heading.default\">\n\t\t\t\t<div class=\"elementor-widget-container\">\n\t\t\t\t\t<h4 class=\"elementor-heading-title elementor-size-default\">Curious about my profile?<\/h4>\t\t\t\t<\/div>\n\t\t\t\t<\/div>\n\t\t\t\t\t<\/div>\n\t\t<\/div>\n\t\t\t\t<div class=\"elementor-column elementor-col-50 elementor-top-column elementor-element elementor-element-a6c3bff\" data-id=\"a6c3bff\" data-element_type=\"column\" data-e-type=\"column\">\n\t\t\t<div class=\"elementor-widget-wrap elementor-element-populated\">\n\t\t\t\t\t\t<div class=\"elementor-element elementor-element-cb0fb8d elementor-widget elementor-widget-button\" data-id=\"cb0fb8d\" data-element_type=\"widget\" data-e-type=\"widget\" data-widget_type=\"button.default\">\n\t\t\t\t<div class=\"elementor-widget-container\">\n\t\t\t\t\t\t\t\t\t<div class=\"elementor-button-wrapper\">\n\t\t\t\t\t<a class=\"elementor-button elementor-button-link elementor-size-sm\" href=\"https:\/\/audreydeprez.be\/en\/a-propos\/\">\n\t\t\t\t\t\t<span class=\"elementor-button-content-wrapper\">\n\t\t\t\t\t\t\t\t\t<span class=\"elementor-button-text\">Nice to meet you, I am Audrey<\/span>\n\t\t\t\t\t<\/span>\n\t\t\t\t\t<\/a>\n\t\t\t\t<\/div>\n\t\t\t\t\t\t\t\t<\/div>\n\t\t\t\t<\/div>\n\t\t\t\t\t<\/div>\n\t\t<\/div>\n\t\t\t\t\t<\/div>\n\t\t<\/section>\n\t\t\t\t<\/div>","protected":false},"excerpt":{"rendered":"<p>Ode \u00e0 l&rsquo;Ux design Agence web Une humaine sp\u00e9cialis\u00e9e en IA, conception web, UX design et SEO Contactez-moi \u00c0 travers des designs efficaces, je transforme tes id\u00e9es &amp; ta passion en une voix unique qui te d\u00e9marque et te ressemble. D\u00e9couvrons ta compagnie. Tu veux en savoir plus sur moi ? Enchant\u00e9, moi c&rsquo;est Audrey<\/p>","protected":false},"author":1,"featured_media":0,"parent":0,"menu_order":0,"comment_status":"closed","ping_status":"closed","template":"elementor_header_footer","meta":{"_monsterinsights_skip_tracking":false,"_monsterinsights_sitenote_active":false,"_monsterinsights_sitenote_note":"","_monsterinsights_sitenote_category":0,"footnotes":""},"class_list":["post-1935","page","type-page","status-publish","hentry"],"aioseo_notices":[],"_links":{"self":[{"href":"https:\/\/audreydeprez.be\/en\/wp-json\/wp\/v2\/pages\/1935","targetHints":{"allow":["GET"]}}],"collection":[{"href":"https:\/\/audreydeprez.be\/en\/wp-json\/wp\/v2\/pages"}],"about":[{"href":"https:\/\/audreydeprez.be\/en\/wp-json\/wp\/v2\/types\/page"}],"author":[{"embeddable":true,"href":"https:\/\/audreydeprez.be\/en\/wp-json\/wp\/v2\/users\/1"}],"replies":[{"embeddable":true,"href":"https:\/\/audreydeprez.be\/en\/wp-json\/wp\/v2\/comments?post=1935"}],"version-history":[{"count":280,"href":"https:\/\/audreydeprez.be\/en\/wp-json\/wp\/v2\/pages\/1935\/revisions"}],"predecessor-version":[{"id":3473,"href":"https:\/\/audreydeprez.be\/en\/wp-json\/wp\/v2\/pages\/1935\/revisions\/3473"}],"wp:attachment":[{"href":"https:\/\/audreydeprez.be\/en\/wp-json\/wp\/v2\/media?parent=1935"}],"curies":[{"name":"wp","href":"https:\/\/api.w.org\/{rel}","templated":true}]}}